{"id":481,"date":"2023-02-03T07:28:54","date_gmt":"2023-02-03T13:28:54","guid":{"rendered":"https:\/\/apuestas-bonos.com\/?page_id=481"},"modified":"2023-07-13T05:23:42","modified_gmt":"2023-07-13T10:23:42","slug":"bonos","status":"publish","type":"page","link":"https:\/\/apuestas-bonos.com\/pe\/bonos\/","title":{"rendered":"Bonos de bienvenida"},"content":{"rendered":"<!--wpjoli-joli-table-of-contents:toc:0-->\n\n\n<p>Las casas de apuestas frecuentemente ofrecen promociones para los jugadores nuevos y los m\u00e1s fieles para garantizar la mejor experiencia a los usuarios. Entre las opciones m\u00e1s comunes est\u00e1n los planes de lealtad y los bonos de bienvenida. <\/p>\n\n\n\n<p>Este art\u00edculo ciertamente te va a ayudar a escoger las mejores casas de apuestas con mejores condiciones en cada categor\u00eda, e incre\u00edbles oportunidades de ganancias por medio de los bonos ofertados, observando los tipos de bonos ofrecidos, c\u00f3mo y d\u00f3nde conseguirlos.<\/p>\n\n\n\n<p>Nuestro cuerpo de an\u00e1lisis colect\u00f3 los datos de las casas de apuestas ofertadas por todo Per\u00fa y lleg\u00f3 a la conclusi\u00f3n a continuaci\u00f3n, con los datos de los mejores bonos:<\/p>\n\n\n\n<p><strong>A continuaci\u00f3n, presentamos las conclusiones del an\u00e1lisis hecho por nosotros sobre las mejores casas y los mejores bonos de Peru:<\/strong><\/p>\n\n\n\n<ul class=\"wp-block-list\">\n<li>Mejor bono de bienvenida: <a href=\"https:\/\/apuestas-bonos.com\/pe\/bonos\/inkabet\/\" title=\"Inkabet\">Inkabet<\/a><\/li>\n\n\n\n<li>Mejor bono de combinadas: <a href=\"https:\/\/apuestas-bonos.com\/pe\/bonos\/bet365-peru\/\" title=\"Bet365\">bet365<\/a><\/li>\n\n\n\n<li>Mejor bono de recarga: <a href=\"https:\/\/apuestas-bonos.com\/pe\/bonos\/22bet-peru\/\" title=\"22bet\">22BET<\/a><\/li>\n\n\n\n<li>Mejor oferta Cashout: <a href=\"https:\/\/apuestas-bonos.com\/pe\/bonos\/20bet-peru\/\" title=\"20bet\">20BET<\/a><\/li>\n\n\n\n<li>Mejor bono de apuesta gratis: <a href=\"https:\/\/apuestas-bonos.com\/pe\/bonos\/betsson-peru\/\" title=\"Betsson\">betsson<\/a><\/li>\n<\/ul>\n\n\n\n<h2 class=\"wp-block-heading\">Tipos de bonos<\/h2>\n\n\n\n<p>Existen diversos tipos de bonos ofertados por las casas de apuestas y cada uno de esos bonos tienen condiciones espec\u00edficas en cada casa de apuestas. Sin embargo, las reglas generales son muy similares, vari\u00e1ndose normalmente, plazos y valores. Entre los tipos de bonos, tenemos:<\/p>\n\n\n\n<ul class=\"wp-block-list\">\n<li>Bonos de bienvenida;<\/li>\n\n\n\n<li>Bonos de recarga;<\/li>\n\n\n\n<li>Bonos de apuesta gratis;<\/li>\n\n\n\n<li>Bonos cashback;<\/li>\n\n\n\n<li>Bonos de reembolso;<\/li>\n\n\n\n<li>Bonos sin dep\u00f3sito<\/li>\n<\/ul>\n\n\n\n<h2 class=\"wp-block-heading\">Mejores bonos de bienvenida<\/h2>\n\n\n\n<p>El bono m\u00e1s popular en las casas de apuestas en Per\u00fa son los bonos de bienvenida, destinados a los usuarios iniciantes, que realizan un primer dep\u00f3sito en la plataforma escogida. La estrategia de publicidad de este tipo de bonos es garantizar al usuario poder conocer la plataforma y el mundo de apuestas sin un gran dispendio de dinero y con un poder de ganancia m\u00e1s grande debido al alza del valor en la billetera.<\/p>\n\n\n\n<p>Normalmente, los bonos de bienvenida son convertidos en un porcentaje extra de la cuant\u00eda del primer dep\u00f3sito. Para recibirlo, pues, es necesario realizar un dep\u00f3sito inicial m\u00ednimo y cumplir con los criterios de rollover para poder aprovecharlo.<\/p>\n\n\n\n<p>Otra forma de bono relacionado al bono de bienvenida es un freebet (apuesta gratuita de un solo uso). Para recibirlo, es necesario depositar una cantidad m\u00ednima y cumplir con los criterios de rollover para usufruirlo.<\/p>\n\n\n\n<p>La gran ventaja de este bono es que se puede registrarse en diversas casas de apuestas y recibir estos bonos. Pero es importante decir que solo se puede utilizar este bono apenas una vez. Entre tantas opciones de sitios que disponen de este bono, nosotros creamos un ranking de casas de apuestas con bono de bienvenida para ayudarte a elegir el que m\u00e1s te guste. En nuestras rese\u00f1as espec\u00edficas, tambi\u00e9n explicamos las profundidades de cada condici\u00f3n para obtener estos bonos.<\/p>\n\n\n\r\n\t<div class=\"space-shortcode-wrap space-shortcode-8 relative\">\r\n\t\t<div class=\"space-shortcode-wrap-ins relative\">\r\n\r\n\t\t\t\r\n\t\t\t<div class=\"space-offers-archive-items box-100 relative\">\r\n\r\n\t\t\t\t\r\n\t\t\t\t<div class=\"space-offers-archive-item box-25 relative space-dark-style\">\r\n\t\t\t\t\t<div class=\"space-offers-archive-item-ins relative\">\r\n\t\t\t\t\t\t<div class=\"space-offers-archive-item-wrap text-center relative\">\r\n\r\n\t\t\t\t\t\t\t\t\t\t\t\t\t\t<div class=\"space-offers-archive-item-cat relative\">\r\n\r\n\t\t\t\t\t\t\t\t\t\t\t\t\t\t\t        <a href=\"https:\/\/apuestas-bonos.com\/pe\/bonus-category\/primer-deposito\/\" title=\"Primer dep\u00f3sito\">Primer dep\u00f3sito<\/a>\r\n\t\t\t\t\t\t\t    \t\t\t\t\t\t\t\t\r\n\t\t\t\t\t\t\t<\/div>\r\n\t\t\t\t\t\t\t\r\n\t\t\t\t\t\t\t<div class=\"space-offers-archive-item-title relative\">\r\n\t\t\t\t\t\t\t\t<a href=\"https:\/\/apuestas-bonos.com\/pe\/bonos\/betsson-peru\/\" title=\"Betsson\">Betsson<\/a>\r\n\t\t\t\t\t\t\t<\/div>\r\n\r\n\t\t\t\t\t\t\t\r\n\t\t\t\t\t\t\t\t\t\t\t\t\t\t<div class=\"space-offers-archive-item-short-desc relative\">\r\n\t\t\t\t\t\t\t\t\u00a1S\/50 para Deportes y 200 jugadas en Casino!<br>\t\t\t\t\t\t\t<\/div>\r\n\t\t\t\t\t\t\t\r\n\t\t\t\t\t\t\t<div class=\"space-offers-archive-item-button relative\">\r\n\t\t\t\t\t\t\t\t<a href=\"\/pe\/out\/betsson.php\" title=\"Visitar\" target=\"_blank\" rel=\"nofollow\">Visitar<\/a>\r\n\t\t\t\t\t\t\t<\/div>\r\n\r\n\t\t\t\t\t\t\t\r\n\t\t\t\t\t\t\t\r\n\t\t\t\t\t\t\t<div class=\"space-offers-archive-item-button-notice relative\" style=\"margin-top: 5px;\">\r\n\t\t\t\t\t\t\t\t<p>+18 | <strong>Publicidad<\/strong> | Juego Responsable<\/p>\t\t\t\t\t\t\t<\/div>\r\n\r\n\t\t\t\t\t\t\t\r\n\t\t\t\t\t\t<\/div>\r\n\t\t\t\t\t<\/div>\r\n\t\t\t\t<\/div>\r\n\r\n\t\t\t\t\r\n\t\t\t\t<div class=\"space-offers-archive-item box-25 relative space-dark-style\">\r\n\t\t\t\t\t<div class=\"space-offers-archive-item-ins relative\">\r\n\t\t\t\t\t\t<div class=\"space-offers-archive-item-wrap text-center relative\">\r\n\r\n\t\t\t\t\t\t\t\t\t\t\t\t\t\t<div class=\"space-offers-archive-item-cat relative\">\r\n\r\n\t\t\t\t\t\t\t\t\t\t\t\t\t\t\t        <a href=\"https:\/\/apuestas-bonos.com\/pe\/bonus-category\/primer-deposito\/\" title=\"Primer dep\u00f3sito\">Primer dep\u00f3sito<\/a>\r\n\t\t\t\t\t\t\t    \t\t\t\t\t\t\t\t\r\n\t\t\t\t\t\t\t<\/div>\r\n\t\t\t\t\t\t\t\r\n\t\t\t\t\t\t\t<div class=\"space-offers-archive-item-title relative\">\r\n\t\t\t\t\t\t\t\t<a href=\"https:\/\/apuestas-bonos.com\/pe\/bonos\/bet365-peru\/\" title=\"Bet365\">Bet365<\/a>\r\n\t\t\t\t\t\t\t<\/div>\r\n\r\n\t\t\t\t\t\t\t\r\n\t\t\t\t\t\t\t\t\t\t\t\t\t\t<div class=\"space-offers-archive-item-short-desc relative\">\r\n\t\t\t\t\t\t\t\tCr\u00e9ditos de apuestas, hasta $30\t\t\t\t\t\t\t<\/div>\r\n\t\t\t\t\t\t\t\r\n\t\t\t\t\t\t\t<div class=\"space-offers-archive-item-button relative\">\r\n\t\t\t\t\t\t\t\t<a href=\"\/pe\/out\/bet365.php\" title=\"Visitar\" target=\"_blank\" rel=\"nofollow\">Visitar<\/a>\r\n\t\t\t\t\t\t\t<\/div>\r\n\r\n\t\t\t\t\t\t\t\r\n\t\t\t\t\t\t\t\r\n\t\t\t\t\t\t\t<div class=\"space-offers-archive-item-button-notice relative\" style=\"margin-top: 5px;\">\r\n\t\t\t\t\t\t\t\t+18 | Publicidad | Juego Responsable\t\t\t\t\t\t\t<\/div>\r\n\r\n\t\t\t\t\t\t\t\r\n\t\t\t\t\t\t<\/div>\r\n\t\t\t\t\t<\/div>\r\n\t\t\t\t<\/div>\r\n\r\n\t\t\t\t\r\n\t\t\t\t<div class=\"space-offers-archive-item box-25 relative space-dark-style\">\r\n\t\t\t\t\t<div class=\"space-offers-archive-item-ins relative\">\r\n\t\t\t\t\t\t<div class=\"space-offers-archive-item-wrap text-center relative\">\r\n\r\n\t\t\t\t\t\t\t\t\t\t\t\t\t\t<div class=\"space-offers-archive-item-cat relative\">\r\n\r\n\t\t\t\t\t\t\t\t\t\t\t\t\t\t\t        <a href=\"https:\/\/apuestas-bonos.com\/pe\/bonus-category\/primer-deposito\/\" title=\"Primer dep\u00f3sito\">Primer dep\u00f3sito<\/a>\r\n\t\t\t\t\t\t\t    \t\t\t\t\t\t\t\t\r\n\t\t\t\t\t\t\t<\/div>\r\n\t\t\t\t\t\t\t\r\n\t\t\t\t\t\t\t<div class=\"space-offers-archive-item-title relative\">\r\n\t\t\t\t\t\t\t\t<a href=\"https:\/\/apuestas-bonos.com\/pe\/bonos\/inkabet\/\" title=\"Inkabet\">Inkabet<\/a>\r\n\t\t\t\t\t\t\t<\/div>\r\n\r\n\t\t\t\t\t\t\t\r\n\t\t\t\t\t\t\t\t\t\t\t\t\t\t<div class=\"space-offers-archive-item-short-desc relative\">\r\n\t\t\t\t\t\t\t\t50% EXTRA HASTA S\/400 POR TU PRIMER DEP\u00d3SITO\t\t\t\t\t\t\t<\/div>\r\n\t\t\t\t\t\t\t\r\n\t\t\t\t\t\t\t<div class=\"space-offers-archive-item-button relative\">\r\n\t\t\t\t\t\t\t\t<a href=\"\/pe\/out\/inkabet.php\" title=\"Visitar\" target=\"_blank\" rel=\"nofollow\">Visitar<\/a>\r\n\t\t\t\t\t\t\t<\/div>\r\n\r\n\t\t\t\t\t\t\t\r\n\t\t\t\t\t\t\t\r\n\t\t\t\t\t\t\t<div class=\"space-offers-archive-item-button-notice relative\" style=\"margin-top: 5px;\">\r\n\t\t\t\t\t\t\t\t<p>+18 | <strong>Publicidad<\/strong> | Juego Responsable<\/p>\t\t\t\t\t\t\t<\/div>\r\n\r\n\t\t\t\t\t\t\t\r\n\t\t\t\t\t\t<\/div>\r\n\t\t\t\t\t<\/div>\r\n\t\t\t\t<\/div>\r\n\r\n\t\t\t\t\r\n\t\t\t\t<div class=\"space-offers-archive-item box-25 relative space-dark-style\">\r\n\t\t\t\t\t<div class=\"space-offers-archive-item-ins relative\">\r\n\t\t\t\t\t\t<div class=\"space-offers-archive-item-wrap text-center relative\">\r\n\r\n\t\t\t\t\t\t\t\t\t\t\t\t\t\t<div class=\"space-offers-archive-item-cat relative\">\r\n\r\n\t\t\t\t\t\t\t\t\t\t\t\t\t\t\t        <a href=\"https:\/\/apuestas-bonos.com\/pe\/bonus-category\/primer-deposito\/\" title=\"Primer dep\u00f3sito\">Primer dep\u00f3sito<\/a>\r\n\t\t\t\t\t\t\t    \t\t\t\t\t\t\t\t\r\n\t\t\t\t\t\t\t<\/div>\r\n\t\t\t\t\t\t\t\r\n\t\t\t\t\t\t\t<div class=\"space-offers-archive-item-title relative\">\r\n\t\t\t\t\t\t\t\t<a href=\"https:\/\/apuestas-bonos.com\/pe\/bonos\/1xbet-peru\/\" title=\"1xbet\">1xbet<\/a>\r\n\t\t\t\t\t\t\t<\/div>\r\n\r\n\t\t\t\t\t\t\t\r\n\t\t\t\t\t\t\t\t\t\t\t\t\t\t<div class=\"space-offers-archive-item-short-desc relative\">\r\n\t\t\t\t\t\t\t\t<p>Bono del 100% EXCLUSIVO de tu primer dep\u00f3sito hasta S\/ 450<\/p>\t\t\t\t\t\t\t<\/div>\r\n\t\t\t\t\t\t\t\r\n\t\t\t\t\t\t\t<div class=\"space-offers-archive-item-button relative\">\r\n\t\t\t\t\t\t\t\t<a href=\"\/pe\/out\/1xbet.php\" title=\"Visitar\" target=\"_blank\" rel=\"nofollow\">Visitar<\/a>\r\n\t\t\t\t\t\t\t<\/div>\r\n\r\n\t\t\t\t\t\t\t\r\n\t\t\t\t\t\t\t\r\n\t\t\t\t\t\t\t<div class=\"space-offers-archive-item-button-notice relative\" style=\"margin-top: 5px;\">\r\n\t\t\t\t\t\t\t\t<p>+18 | <strong>Publicidad<\/strong> | Juego Responsable<\/p>\t\t\t\t\t\t\t<\/div>\r\n\r\n\t\t\t\t\t\t\t\r\n\t\t\t\t\t\t<\/div>\r\n\t\t\t\t\t<\/div>\r\n\t\t\t\t<\/div>\r\n\r\n\t\t\t\t\r\n\t\t\t<\/div>\r\n\t\t\r\n\t\t<\/div>\r\n\t<\/div>\r\n\r\n\t\n\n\n\n<h2 class=\"wp-block-heading\">Bono de recarga<\/h2>\n\n\n\n<p>Los bonos de recarga bonifican los usuarios ya m\u00e1s expertos en la plataforma. La l\u00f3gica es la misma de los bonos de bienvenida, un \u201cextra\u201d es a\u00f1adido a la cuant\u00eda depositada y, para recibirlo, es necesario cumplir un rollover. Normalmente, hay cantidad m\u00ednima de un dep\u00f3sito para efectivar el bono. La frecuencia sobre cu\u00e1nto y cada cu\u00e1nto tiempo es necesario para hacer los dep\u00f3sitos en la casa es el factor m\u00e1s importante para saber en qu\u00e9 casa apostar.<\/p>\n\n\n\n<h2 class=\"wp-block-heading\">Veredicto sobre apuestas en Per\u00fa<\/h2>\n\n\n\n<p>El mercado de apuestas ha crecido enormemente en Latinoam\u00e9rica y una de las formas que las inn\u00fameras empresas necesitan para atraer nuevos clientes es por medio de los bonos. Los usuarios son los grandes ganadores con esta concurrencia.<\/p>\n\n\n\n<p>Los diferentes bonos no garantizan ventaja solo a los nuevos jugadores, con los bonos de bienvenida, como tambi\u00e9n a los m\u00e1s expertos, con los bonos de recarga. Los bonos de apuesta gratis, cash back, bonos de recarga y otras promociones especiales de temporada o destinadas a ciertos deportes complementan el abanico de bonos.<\/p>\n\n\n\n<p>El rollover es la condici\u00f3n necesaria para cumplir los t\u00e9rminos de estos bonos, pero estamos a disposici\u00f3n para ayudarte a elegir la casa que te ofrece las mejores condiciones.<\/p>\n\n\n\n<p><strong>Otros pa\u00edses<\/strong>:<\/p>\n\n\n\n","protected":false},"excerpt":{"rendered":"<p>Las casas de apuestas frecuentemente ofrecen promociones para los jugadores nuevos y los m\u00e1s fieles para garantizar la mejor experiencia a los usuarios. Entre las opciones m\u00e1s comunes est\u00e1n los planes de lealtad y los bonos de bienvenida. Este art\u00edculo ciertamente te va a ayudar a escoger las mejores casas de apuestas con mejores condiciones [&hellip;]<\/p>\n","protected":false},"author":1,"featured_media":0,"parent":0,"menu_order":0,"comment_status":"closed","ping_status":"closed","template":"","meta":{"footnotes":""},"class_list":["post-481","page","type-page","status-publish","hentry"],"aioseo_notices":[],"_links":{"self":[{"href":"https:\/\/apuestas-bonos.com\/pe\/wp-json\/wp\/v2\/pages\/481"}],"collection":[{"href":"https:\/\/apuestas-bonos.com\/pe\/wp-json\/wp\/v2\/pages"}],"about":[{"href":"https:\/\/apuestas-bonos.com\/pe\/wp-json\/wp\/v2\/types\/page"}],"author":[{"embeddable":true,"href":"https:\/\/apuestas-bonos.com\/pe\/wp-json\/wp\/v2\/users\/1"}],"replies":[{"embeddable":true,"href":"https:\/\/apuestas-bonos.com\/pe\/wp-json\/wp\/v2\/comments?post=481"}],"version-history":[{"count":28,"href":"https:\/\/apuestas-bonos.com\/pe\/wp-json\/wp\/v2\/pages\/481\/revisions"}],"predecessor-version":[{"id":857,"href":"https:\/\/apuestas-bonos.com\/pe\/wp-json\/wp\/v2\/pages\/481\/revisions\/857"}],"wp:attachment":[{"href":"https:\/\/apuestas-bonos.com\/pe\/wp-json\/wp\/v2\/media?parent=481"}],"curies":[{"name":"wp","href":"https:\/\/api.w.org\/{rel}","templated":true}]}}